{"id":11,"date":"2019-02-08T22:06:52","date_gmt":"2019-02-08T22:06:52","guid":{"rendered":"http:\/\/dmnat2019.9net.dk\/?page_id=11"},"modified":"2019-03-28T07:51:08","modified_gmt":"2019-03-28T07:51:08","slug":"indbydelse","status":"publish","type":"page","link":"https:\/\/dmnat2019.9net.dk\/","title":{"rendered":"Indbydelse."},"content":{"rendered":"\n<p>Faaborg Orienteringsklub byder velkommen til DM nat 2019 i Holstenshuus skovene.<\/p>\n\n\n\n<p><strong>Hittegods og efterlysning:<\/strong><br>&#8211; Et par l\u00f8be handsker, str. Medium, mrk Nike efterladt ved start.<br>&#8211; En Gr\u00f8n sweatshirt, herre, mrk. Team Sportia<br>&#8211; K.K. Terkeldsen har mistet sit pocket kamera af mrk. Canon i forbindelse med DM &#8211; Nat<br><br>Henvendelse vedr\u00f8rende ovenst\u00e5ende til S\u00f8ren Klingenberg, <a rel=\"noreferrer noopener\" href=\"mailto:ethna.soeren@gmail.com\" target=\"_blank\">ethna.soeren@gmail.com<\/a> <\/p>\n\n\n\n<p><\/p>\n\n\n\n<p><a href=\"https:\/\/photos.app.goo.gl\/RkkFgCNgZ36X1D8R7 \" target=\"_blank\" rel=\"noreferrer noopener\" aria-label=\"Leif Kristensen, Faaborg OK har taget en masse gode billeder, se dem her. (\u00e5bner i en ny fane)\">Leif Kristensen, Faaborg OK har taget en masse gode billeder, se dem her.<\/a><\/p>\n\n\n\n<p>Resultatliste er klar<\/p>\n\n\n\n<p>Instruktion og startlister er klar, f\u00f8lg link for oven.<\/p>\n\n\n\n<p>Live resultater kan f\u00f8lges her:  <a rel=\"noreferrer noopener\" aria-label=\"http:\/\/live.oriento.fi (\u00e5bner i en ny fane)\" href=\"http:\/\/live.oriento.fi\" target=\"_blank\">http:\/\/live.oriento.fi<\/a>  <br>TracTrac: <a rel=\"noreferrer noopener\" aria-label=\"Link til l\u00f8bet p\u00e5 TracTrac (\u00e5bner i en ny fane)\" href=\"https:\/\/www.tractrac.com\/web\/event-page\/event_20190322_DMNat\/1538\/\" target=\"_blank\">Link til l\u00f8bet p\u00e5 TracTrac<\/a><br><a href=\"https:\/\/dmnat2019.9net.dk\/wp-content\/uploads\/2019\/03\/TracTrac-l\u00f8bere-DM-Nat.pdf\" target=\"_blank\" rel=\"noreferrer noopener\" aria-label=\"F\u00f8lgende l\u00f8bere skal l\u00f8ber TracTrac (\u00e5bner i en ny fane)\">F\u00f8lgende l\u00f8bere skal l\u00f8ber TracTrac<\/a><br>DM Nat 2019 er ogs\u00e5 lagt p\u00e5 <a rel=\"noreferrer noopener\" aria-label=\"O-Track.dk (\u00e5bner i en ny fane)\" href=\"https:\/\/www.o-track.dk\/\" target=\"_blank\">O-Track.dk<\/a><\/p>\n\n\n\n<div class=\"wp-block-file\"><a href=\"http:\/\/dmnat2019.9net.dk\/wp-content\/uploads\/2019\/02\/Indbydelse-DM-Nat.pdf\" target=\"_blank\" rel=\"noreferrer noopener\">Indbydelse-DM-Nat<\/a><\/div>\n\n\n\n<div class=\"wp-block-file\"><a href=\"http:\/\/dmnat2019.9net.dk\/wp-content\/uploads\/2019\/02\/Skovlukninger.png\" target=\"_blank\" rel=\"noreferrer noopener\">Skovlukninger<\/a><\/div>\n\n\n\n<div class=\"wp-block-file\"><a href=\"http:\/\/dmnat2019.9net.dk\/wp-content\/uploads\/2019\/02\/Holstenshuus-apr14.pdf\" target=\"_blank\" rel=\"noreferrer noopener\">Gammel kort over Holstenshuus<\/a><\/div>\n","protected":false},"excerpt":{"rendered":"<p>Faaborg Orienteringsklub byder velkommen til DM nat 2019 i Holstenshuus skovene. Hittegods og efterlysning:&#8211; Et par l\u00f8be handsker, str. Medium, mrk Nike efterladt ved start.&#8211; En Gr\u00f8n sweatshirt, herre, mrk. Team Sportia&#8211; K.K. Terkeldsen har mistet sit pocket kamera af mrk. Canon i forbindelse med DM &#8211; Nat Henvendelse vedr\u00f8rende ovenst\u00e5ende til S\u00f8ren Klingenberg, ethna.soeren@gmail.com &hellip; <\/p>\n<p class=\"link-more\"><a href=\"https:\/\/dmnat2019.9net.dk\/\" class=\"more-link\">L\u00e6s videre<span class=\"screen-reader-text\"> &#8220;Indbydelse.&#8221;<\/span><\/a><\/p>\n","protected":false},"author":1,"featured_media":0,"parent":0,"menu_order":1,"comment_status":"closed","ping_status":"closed","template":"","meta":{"footnotes":""},"class_list":["post-11","page","type-page","status-publish","hentry"],"_links":{"self":[{"href":"https:\/\/dmnat2019.9net.dk\/index.php?rest_route=\/wp\/v2\/pages\/11","targetHints":{"allow":["GET"]}}],"collection":[{"href":"https:\/\/dmnat2019.9net.dk\/index.php?rest_route=\/wp\/v2\/pages"}],"about":[{"href":"https:\/\/dmnat2019.9net.dk\/index.php?rest_route=\/wp\/v2\/types\/page"}],"author":[{"embeddable":true,"href":"https:\/\/dmnat2019.9net.dk\/index.php?rest_route=\/wp\/v2\/users\/1"}],"replies":[{"embeddable":true,"href":"https:\/\/dmnat2019.9net.dk\/index.php?rest_route=%2Fwp%2Fv2%2Fcomments&post=11"}],"version-history":[{"count":0,"href":"https:\/\/dmnat2019.9net.dk\/index.php?rest_route=\/wp\/v2\/pages\/11\/revisions"}],"wp:attachment":[{"href":"https:\/\/dmnat2019.9net.dk\/index.php?rest_route=%2Fwp%2Fv2%2Fmedia&parent=11"}],"curies":[{"name":"wp","href":"https:\/\/api.w.org\/{rel}","templated":true}]}}